{"id":550,"date":"2023-06-29T12:07:50","date_gmt":"2023-06-29T15:07:50","guid":{"rendered":"https:\/\/carlosp.com.br\/livia\/?page_id=550"},"modified":"2023-09-19T20:32:01","modified_gmt":"2023-09-19T23:32:01","slug":"a-clinica","status":"publish","type":"page","link":"https:\/\/carlosp.com.br\/traumato\/a-clinica\/","title":{"rendered":"A Cl\u00ednica"},"content":{"rendered":"<p>H\u00e1 mais de 23 anos no mercado da sa\u00fade, a TraumatoClin construiu uma s\u00f3lida reputa\u00e7\u00e3o como uma cl\u00ednica m\u00e9dica. Inicialmente focada em ortopedia e traumatologia, ao longo dos anos, evolu\u00edmos para uma institui\u00e7\u00e3o abrangente que atende diversas especialidades m\u00e9dicas, visando sempre a excel\u00eancia em cuidados.<\/p>\n<p>O que teve in\u00edcio como uma cl\u00ednica dedicada ao tratamento das patologias do aparelho m\u00fasculo esquel\u00e9tico, transformou-se em um centro m\u00e9dico completo. A inclus\u00e3o de novos profissionais e diversas especialidades enriqueceu nossa equipe e permitiu que oferec\u00eassemos aos nossos pacientes um amplo espectro de tratamentos m\u00e9dicos.<\/p>\n<p>Nossa mais recente fase \u00e9 marcada por uma reforma abrangente, com o objetivo de modernizar nossas instala\u00e7\u00f5es e proporcionar um ambiente acolhedor tanto para os pacientes quanto para nossos dedicados profissionais. Reconhecemos a import\u00e2ncia de um espa\u00e7o que promova o bem-estar, tanto para quem busca cuidados m\u00e9dicos quanto para quem os oferece.<\/p>\n<p>Nosso compromisso com a sa\u00fade e o bem-estar continua inabal\u00e1vel. A trajet\u00f3ria de 23 anos \u00e9 apenas o come\u00e7o de uma jornada cont\u00ednua em dire\u00e7\u00e3o \u00e0 excel\u00eancia m\u00e9dica. Continuamos dedicados a cada paciente que confia em nossa equipe e servi\u00e7os, buscando sempre evoluir para melhor atend\u00ea-los.<\/p>\n<p>A TraumatoClin orgulha-se de seu passado e olha com entusiasmo para o futuro. Agradecemos a todos que fizeram parte de nossa jornada at\u00e9 aqui e estamos animados para continuar a oferecer cuidados m\u00e9dicos de qualidade, agora em um ambiente renovado e acolhedor.<\/p>\n","protected":false},"excerpt":{"rendered":"<p>H\u00e1 mais de 23 anos no mercado da sa\u00fade, a TraumatoClin construiu uma s\u00f3lida reputa\u00e7\u00e3o como uma cl\u00ednica m\u00e9dica. Inicialmente focada em ortopedia e traumatologia, ao longo dos anos, evolu\u00edmos para uma institui\u00e7\u00e3o abrangente que atende diversas especialidades m\u00e9dicas, visando sempre a excel\u00eancia em cuidados. O que teve in\u00edcio como uma cl\u00ednica dedicada ao tratamento &hellip; <a href=\"https:\/\/carlosp.com.br\/traumato\/a-clinica\/\" class=\"more-link\">Continue reading <span class=\"screen-reader-text\">A Cl\u00ednica<\/span><\/a><\/p>\n","protected":false},"author":1,"featured_media":0,"parent":0,"menu_order":0,"comment_status":"closed","ping_status":"closed","template":"","meta":{"_joinchat":[],"footnotes":""},"class_list":["post-550","page","type-page","status-publish","hentry"],"acf":{"photo_gallery":{"galeria_fotos":[[{"id":746,"title":"WhatsApp Image 2022-11-01 at 19.06 2 (1)","caption":"","full_image_url":"https:\/\/carlosp.com.br\/traumato\/wp-content\/uploads\/2023\/09\/WhatsApp-Image-2022-11-01-at-19.06-2-1.jpg","thumbnail_image_url":"https:\/\/carlosp.com.br\/traumato\/wp-content\/uploads\/2023\/09\/WhatsApp-Image-2022-11-01-at-19.06-2-1-150x150.jpg","large_srcset":"https:\/\/carlosp.com.br\/traumato\/wp-content\/uploads\/2023\/09\/WhatsApp-Image-2022-11-01-at-19.06-2-1.jpg 312w, https:\/\/carlosp.com.br\/traumato\/wp-content\/uploads\/2023\/09\/WhatsApp-Image-2022-11-01-at-19.06-2-1-300x223.jpg 300w","medium_srcset":"https:\/\/carlosp.com.br\/traumato\/wp-content\/uploads\/2023\/09\/WhatsApp-Image-2022-11-01-at-19.06-2-1-300x223.jpg 300w, https:\/\/carlosp.com.br\/traumato\/wp-content\/uploads\/2023\/09\/WhatsApp-Image-2022-11-01-at-19.06-2-1.jpg 312w","url":"","target":""},{"id":745,"title":"WhatsApp Image 2022-11-01 at 19.06 3 (1)","caption":"","full_image_url":"https:\/\/carlosp.com.br\/traumato\/wp-content\/uploads\/2023\/09\/WhatsApp-Image-2022-11-01-at-19.06-3-1.jpg","thumbnail_image_url":"https:\/\/carlosp.com.br\/traumato\/wp-content\/uploads\/2023\/09\/WhatsApp-Image-2022-11-01-at-19.06-3-1-150x150.jpg","large_srcset":"https:\/\/carlosp.com.br\/traumato\/wp-content\/uploads\/2023\/09\/WhatsApp-Image-2022-11-01-at-19.06-3-1.jpg 313w, https:\/\/carlosp.com.br\/traumato\/wp-content\/uploads\/2023\/09\/WhatsApp-Image-2022-11-01-at-19.06-3-1-300x222.jpg 300w","medium_srcset":"https:\/\/carlosp.com.br\/traumato\/wp-content\/uploads\/2023\/09\/WhatsApp-Image-2022-11-01-at-19.06-3-1-300x222.jpg 300w, https:\/\/carlosp.com.br\/traumato\/wp-content\/uploads\/2023\/09\/WhatsApp-Image-2022-11-01-at-19.06-3-1.jpg 313w","url":"","target":""},{"id":744,"title":"WhatsApp Image 2022-11-01 at 19.06 6 (1)","caption":"","full_image_url":"https:\/\/carlosp.com.br\/traumato\/wp-content\/uploads\/2023\/09\/WhatsApp-Image-2022-11-01-at-19.06-6-1.jpg","thumbnail_image_url":"https:\/\/carlosp.com.br\/traumato\/wp-content\/uploads\/2023\/09\/WhatsApp-Image-2022-11-01-at-19.06-6-1-150x150.jpg","large_srcset":"https:\/\/carlosp.com.br\/traumato\/wp-content\/uploads\/2023\/09\/WhatsApp-Image-2022-11-01-at-19.06-6-1.jpg 312w, https:\/\/carlosp.com.br\/traumato\/wp-content\/uploads\/2023\/09\/WhatsApp-Image-2022-11-01-at-19.06-6-1-300x224.jpg 300w","medium_srcset":"https:\/\/carlosp.com.br\/traumato\/wp-content\/uploads\/2023\/09\/WhatsApp-Image-2022-11-01-at-19.06-6-1-300x224.jpg 300w, https:\/\/carlosp.com.br\/traumato\/wp-content\/uploads\/2023\/09\/WhatsApp-Image-2022-11-01-at-19.06-6-1.jpg 312w","url":"","target":""},{"id":743,"title":"WhatsApp Image 2022-11-01 at 19.06 5 (1)","caption":"","full_image_url":"https:\/\/carlosp.com.br\/traumato\/wp-content\/uploads\/2023\/09\/WhatsApp-Image-2022-11-01-at-19.06-5-1.jpg","thumbnail_image_url":"https:\/\/carlosp.com.br\/traumato\/wp-content\/uploads\/2023\/09\/WhatsApp-Image-2022-11-01-at-19.06-5-1-150x150.jpg","large_srcset":"https:\/\/carlosp.com.br\/traumato\/wp-content\/uploads\/2023\/09\/WhatsApp-Image-2022-11-01-at-19.06-5-1.jpg 312w, https:\/\/carlosp.com.br\/traumato\/wp-content\/uploads\/2023\/09\/WhatsApp-Image-2022-11-01-at-19.06-5-1-300x223.jpg 300w","medium_srcset":"https:\/\/carlosp.com.br\/traumato\/wp-content\/uploads\/2023\/09\/WhatsApp-Image-2022-11-01-at-19.06-5-1-300x223.jpg 300w, https:\/\/carlosp.com.br\/traumato\/wp-content\/uploads\/2023\/09\/WhatsApp-Image-2022-11-01-at-19.06-5-1.jpg 312w","url":"","target":""},{"id":742,"title":"WhatsApp Image 2022-11-01 at 19.06 4 (1)","caption":"","full_image_url":"https:\/\/carlosp.com.br\/traumato\/wp-content\/uploads\/2023\/09\/WhatsApp-Image-2022-11-01-at-19.06-4-1.jpg","thumbnail_image_url":"https:\/\/carlosp.com.br\/traumato\/wp-content\/uploads\/2023\/09\/WhatsApp-Image-2022-11-01-at-19.06-4-1-150x150.jpg","large_srcset":"https:\/\/carlosp.com.br\/traumato\/wp-content\/uploads\/2023\/09\/WhatsApp-Image-2022-11-01-at-19.06-4-1.jpg 313w, https:\/\/carlosp.com.br\/traumato\/wp-content\/uploads\/2023\/09\/WhatsApp-Image-2022-11-01-at-19.06-4-1-300x222.jpg 300w","medium_srcset":"https:\/\/carlosp.com.br\/traumato\/wp-content\/uploads\/2023\/09\/WhatsApp-Image-2022-11-01-at-19.06-4-1-300x222.jpg 300w, https:\/\/carlosp.com.br\/traumato\/wp-content\/uploads\/2023\/09\/WhatsApp-Image-2022-11-01-at-19.06-4-1.jpg 313w","url":"","target":""},{"id":741,"title":"WhatsApp Image 2022-11-01 at 19.06 7 (1)","caption":"","full_image_url":"https:\/\/carlosp.com.br\/traumato\/wp-content\/uploads\/2023\/09\/WhatsApp-Image-2022-11-01-at-19.06-7-1.jpg","thumbnail_image_url":"https:\/\/carlosp.com.br\/traumato\/wp-content\/uploads\/2023\/09\/WhatsApp-Image-2022-11-01-at-19.06-7-1-150x150.jpg","large_srcset":"https:\/\/carlosp.com.br\/traumato\/wp-content\/uploads\/2023\/09\/WhatsApp-Image-2022-11-01-at-19.06-7-1.jpg 312w, https:\/\/carlosp.com.br\/traumato\/wp-content\/uploads\/2023\/09\/WhatsApp-Image-2022-11-01-at-19.06-7-1-300x224.jpg 300w","medium_srcset":"https:\/\/carlosp.com.br\/traumato\/wp-content\/uploads\/2023\/09\/WhatsApp-Image-2022-11-01-at-19.06-7-1-300x224.jpg 300w, https:\/\/carlosp.com.br\/traumato\/wp-content\/uploads\/2023\/09\/WhatsApp-Image-2022-11-01-at-19.06-7-1.jpg 312w","url":"","target":""},{"id":740,"title":"WhatsApp Image 2022-11-01 at 19.06 8 (1)","caption":"","full_image_url":"https:\/\/carlosp.com.br\/traumato\/wp-content\/uploads\/2023\/09\/WhatsApp-Image-2022-11-01-at-19.06-8-1.jpg","thumbnail_image_url":"https:\/\/carlosp.com.br\/traumato\/wp-content\/uploads\/2023\/09\/WhatsApp-Image-2022-11-01-at-19.06-8-1-150x150.jpg","large_srcset":"https:\/\/carlosp.com.br\/traumato\/wp-content\/uploads\/2023\/09\/WhatsApp-Image-2022-11-01-at-19.06-8-1.jpg 313w, https:\/\/carlosp.com.br\/traumato\/wp-content\/uploads\/2023\/09\/WhatsApp-Image-2022-11-01-at-19.06-8-1-300x223.jpg 300w","medium_srcset":"https:\/\/carlosp.com.br\/traumato\/wp-content\/uploads\/2023\/09\/WhatsApp-Image-2022-11-01-at-19.06-8-1-300x223.jpg 300w, https:\/\/carlosp.com.br\/traumato\/wp-content\/uploads\/2023\/09\/WhatsApp-Image-2022-11-01-at-19.06-8-1.jpg 313w","url":"","target":""}]]}},"_links":{"self":[{"href":"https:\/\/carlosp.com.br\/traumato\/wp-json\/wp\/v2\/pages\/550","targetHints":{"allow":["GET"]}}],"collection":[{"href":"https:\/\/carlosp.com.br\/traumato\/wp-json\/wp\/v2\/pages"}],"about":[{"href":"https:\/\/carlosp.com.br\/traumato\/wp-json\/wp\/v2\/types\/page"}],"author":[{"embeddable":true,"href":"https:\/\/carlosp.com.br\/traumato\/wp-json\/wp\/v2\/users\/1"}],"replies":[{"embeddable":true,"href":"https:\/\/carlosp.com.br\/traumato\/wp-json\/wp\/v2\/comments?post=550"}],"version-history":[{"count":6,"href":"https:\/\/carlosp.com.br\/traumato\/wp-json\/wp\/v2\/pages\/550\/revisions"}],"predecessor-version":[{"id":768,"href":"https:\/\/carlosp.com.br\/traumato\/wp-json\/wp\/v2\/pages\/550\/revisions\/768"}],"wp:attachment":[{"href":"https:\/\/carlosp.com.br\/traumato\/wp-json\/wp\/v2\/media?parent=550"}],"curies":[{"name":"wp","href":"https:\/\/api.w.org\/{rel}","templated":true}]}}