{"id":490,"date":"2023-05-19T14:55:49","date_gmt":"2023-05-19T17:55:49","guid":{"rendered":"https:\/\/carlosp.com.br\/pr\/?page_id=490"},"modified":"2023-05-19T15:29:38","modified_gmt":"2023-05-19T18:29:38","slug":"sao-joao-del-rei","status":"publish","type":"page","link":"https:\/\/carlosp.com.br\/pr\/sao-joao-del-rei\/","title":{"rendered":"S\u00e3o Jo\u00e3o Del Rei"},"content":{"rendered":"<p>Belas igrejas, casar\u00f5es e locomotivas comp\u00f5em o cen\u00e1rio de S\u00e3o Jo\u00e3o del Rei, uma das principais cidades hist\u00f3ricas de Minas Gerais. Nossos museus e memoriais encantam quem passa, com obras de Aleijadinho e diversos outros artistas.<\/p>\n","protected":false},"excerpt":{"rendered":"<p>Belas igrejas, casar\u00f5es e locomotivas comp\u00f5em o cen\u00e1rio de S\u00e3o Jo\u00e3o del Rei, uma das principais cidades hist\u00f3ricas de Minas Gerais. Nossos museus e memoriais encantam quem passa, com obras de Aleijadinho e diversos outros artistas.<\/p>\n","protected":false},"author":1,"featured_media":546,"parent":0,"menu_order":0,"comment_status":"closed","ping_status":"closed","template":"","meta":{"footnotes":""},"class_list":["post-490","page","type-page","status-publish","has-post-thumbnail","hentry"],"acf":{"photo_gallery":{"galeria_fotos":[[{"id":539,"title":"58958_shutterstock-642426958","caption":"","full_image_url":"https:\/\/carlosp.com.br\/pr\/wp-content\/uploads\/2023\/05\/58958_shutterstock-642426958.jpg","thumbnail_image_url":"https:\/\/carlosp.com.br\/pr\/wp-content\/uploads\/2023\/05\/58958_shutterstock-642426958-150x150.jpg","large_srcset":"https:\/\/carlosp.com.br\/pr\/wp-content\/uploads\/2023\/05\/58958_shutterstock-642426958-1024x768.jpg 1024w, https:\/\/carlosp.com.br\/pr\/wp-content\/uploads\/2023\/05\/58958_shutterstock-642426958-300x225.jpg 300w, https:\/\/carlosp.com.br\/pr\/wp-content\/uploads\/2023\/05\/58958_shutterstock-642426958-768x576.jpg 768w, https:\/\/carlosp.com.br\/pr\/wp-content\/uploads\/2023\/05\/58958_shutterstock-642426958.jpg 1280w","medium_srcset":"https:\/\/carlosp.com.br\/pr\/wp-content\/uploads\/2023\/05\/58958_shutterstock-642426958-300x225.jpg 300w, https:\/\/carlosp.com.br\/pr\/wp-content\/uploads\/2023\/05\/58958_shutterstock-642426958-1024x768.jpg 1024w, https:\/\/carlosp.com.br\/pr\/wp-content\/uploads\/2023\/05\/58958_shutterstock-642426958-768x576.jpg 768w, https:\/\/carlosp.com.br\/pr\/wp-content\/uploads\/2023\/05\/58958_shutterstock-642426958.jpg 1280w","url":"","target":""},{"id":542,"title":"sao-joao-del-rei-Igreja-nossa-senhora-das-merces","caption":"","full_image_url":"https:\/\/carlosp.com.br\/pr\/wp-content\/uploads\/2023\/05\/sao-joao-del-rei-Igreja-nossa-senhora-das-merces.jpg","thumbnail_image_url":"https:\/\/carlosp.com.br\/pr\/wp-content\/uploads\/2023\/05\/sao-joao-del-rei-Igreja-nossa-senhora-das-merces-150x150.jpg","large_srcset":"https:\/\/carlosp.com.br\/pr\/wp-content\/uploads\/2023\/05\/sao-joao-del-rei-Igreja-nossa-senhora-das-merces-1024x731.jpg 1024w, https:\/\/carlosp.com.br\/pr\/wp-content\/uploads\/2023\/05\/sao-joao-del-rei-Igreja-nossa-senhora-das-merces-300x214.jpg 300w, https:\/\/carlosp.com.br\/pr\/wp-content\/uploads\/2023\/05\/sao-joao-del-rei-Igreja-nossa-senhora-das-merces-768x548.jpg 768w, https:\/\/carlosp.com.br\/pr\/wp-content\/uploads\/2023\/05\/sao-joao-del-rei-Igreja-nossa-senhora-das-merces-1536x1097.jpg 1536w, https:\/\/carlosp.com.br\/pr\/wp-content\/uploads\/2023\/05\/sao-joao-del-rei-Igreja-nossa-senhora-das-merces-2048x1462.jpg 2048w","medium_srcset":"https:\/\/carlosp.com.br\/pr\/wp-content\/uploads\/2023\/05\/sao-joao-del-rei-Igreja-nossa-senhora-das-merces-300x214.jpg 300w, https:\/\/carlosp.com.br\/pr\/wp-content\/uploads\/2023\/05\/sao-joao-del-rei-Igreja-nossa-senhora-das-merces-1024x731.jpg 1024w, https:\/\/carlosp.com.br\/pr\/wp-content\/uploads\/2023\/05\/sao-joao-del-rei-Igreja-nossa-senhora-das-merces-768x548.jpg 768w, https:\/\/carlosp.com.br\/pr\/wp-content\/uploads\/2023\/05\/sao-joao-del-rei-Igreja-nossa-senhora-das-merces-1536x1097.jpg 1536w, https:\/\/carlosp.com.br\/pr\/wp-content\/uploads\/2023\/05\/sao-joao-del-rei-Igreja-nossa-senhora-das-merces-2048x1462.jpg 2048w","url":"","target":""},{"id":543,"title":"Sao+joao","caption":"","full_image_url":"https:\/\/carlosp.com.br\/pr\/wp-content\/uploads\/2023\/05\/Saojoao.jpg","thumbnail_image_url":"https:\/\/carlosp.com.br\/pr\/wp-content\/uploads\/2023\/05\/Saojoao-150x150.jpg","large_srcset":"https:\/\/carlosp.com.br\/pr\/wp-content\/uploads\/2023\/05\/Saojoao-954x1024.jpg 954w, https:\/\/carlosp.com.br\/pr\/wp-content\/uploads\/2023\/05\/Saojoao-280x300.jpg 280w, https:\/\/carlosp.com.br\/pr\/wp-content\/uploads\/2023\/05\/Saojoao-768x824.jpg 768w, https:\/\/carlosp.com.br\/pr\/wp-content\/uploads\/2023\/05\/Saojoao.jpg 1080w","medium_srcset":"https:\/\/carlosp.com.br\/pr\/wp-content\/uploads\/2023\/05\/Saojoao-280x300.jpg 280w, https:\/\/carlosp.com.br\/pr\/wp-content\/uploads\/2023\/05\/Saojoao-954x1024.jpg 954w, https:\/\/carlosp.com.br\/pr\/wp-content\/uploads\/2023\/05\/Saojoao-768x824.jpg 768w, https:\/\/carlosp.com.br\/pr\/wp-content\/uploads\/2023\/05\/Saojoao.jpg 1080w","url":"","target":""},{"id":541,"title":"foto-construcoes-historicas-e-pracas-de-sao-joao-del-rei-mg-0145","caption":"","full_image_url":"https:\/\/carlosp.com.br\/pr\/wp-content\/uploads\/2023\/05\/foto-construcoes-historicas-e-pracas-de-sao-joao-del-rei-mg-0145.jpg","thumbnail_image_url":"https:\/\/carlosp.com.br\/pr\/wp-content\/uploads\/2023\/05\/foto-construcoes-historicas-e-pracas-de-sao-joao-del-rei-mg-0145-150x150.jpg","large_srcset":"https:\/\/carlosp.com.br\/pr\/wp-content\/uploads\/2023\/05\/foto-construcoes-historicas-e-pracas-de-sao-joao-del-rei-mg-0145-1024x683.jpg 1024w, https:\/\/carlosp.com.br\/pr\/wp-content\/uploads\/2023\/05\/foto-construcoes-historicas-e-pracas-de-sao-joao-del-rei-mg-0145-300x200.jpg 300w, https:\/\/carlosp.com.br\/pr\/wp-content\/uploads\/2023\/05\/foto-construcoes-historicas-e-pracas-de-sao-joao-del-rei-mg-0145-768x512.jpg 768w, https:\/\/carlosp.com.br\/pr\/wp-content\/uploads\/2023\/05\/foto-construcoes-historicas-e-pracas-de-sao-joao-del-rei-mg-0145.jpg 1200w","medium_srcset":"https:\/\/carlosp.com.br\/pr\/wp-content\/uploads\/2023\/05\/foto-construcoes-historicas-e-pracas-de-sao-joao-del-rei-mg-0145-300x200.jpg 300w, https:\/\/carlosp.com.br\/pr\/wp-content\/uploads\/2023\/05\/foto-construcoes-historicas-e-pracas-de-sao-joao-del-rei-mg-0145-1024x683.jpg 1024w, https:\/\/carlosp.com.br\/pr\/wp-content\/uploads\/2023\/05\/foto-construcoes-historicas-e-pracas-de-sao-joao-del-rei-mg-0145-768x512.jpg 768w, https:\/\/carlosp.com.br\/pr\/wp-content\/uploads\/2023\/05\/foto-construcoes-historicas-e-pracas-de-sao-joao-del-rei-mg-0145.jpg 1200w","url":"","target":""},{"id":540,"title":"rotunda_1","caption":"","full_image_url":"https:\/\/carlosp.com.br\/pr\/wp-content\/uploads\/2023\/05\/rotunda_1.jpeg","thumbnail_image_url":"https:\/\/carlosp.com.br\/pr\/wp-content\/uploads\/2023\/05\/rotunda_1-150x150.jpeg","large_srcset":"https:\/\/carlosp.com.br\/pr\/wp-content\/uploads\/2023\/05\/rotunda_1.jpeg 400w, https:\/\/carlosp.com.br\/pr\/wp-content\/uploads\/2023\/05\/rotunda_1-300x225.jpeg 300w","medium_srcset":"https:\/\/carlosp.com.br\/pr\/wp-content\/uploads\/2023\/05\/rotunda_1-300x225.jpeg 300w, https:\/\/carlosp.com.br\/pr\/wp-content\/uploads\/2023\/05\/rotunda_1.jpeg 400w","url":"","target":""}]]}},"_links":{"self":[{"href":"https:\/\/carlosp.com.br\/pr\/wp-json\/wp\/v2\/pages\/490","targetHints":{"allow":["GET"]}}],"collection":[{"href":"https:\/\/carlosp.com.br\/pr\/wp-json\/wp\/v2\/pages"}],"about":[{"href":"https:\/\/carlosp.com.br\/pr\/wp-json\/wp\/v2\/types\/page"}],"author":[{"embeddable":true,"href":"https:\/\/carlosp.com.br\/pr\/wp-json\/wp\/v2\/users\/1"}],"replies":[{"embeddable":true,"href":"https:\/\/carlosp.com.br\/pr\/wp-json\/wp\/v2\/comments?post=490"}],"version-history":[{"count":4,"href":"https:\/\/carlosp.com.br\/pr\/wp-json\/wp\/v2\/pages\/490\/revisions"}],"predecessor-version":[{"id":549,"href":"https:\/\/carlosp.com.br\/pr\/wp-json\/wp\/v2\/pages\/490\/revisions\/549"}],"wp:featuredmedia":[{"embeddable":true,"href":"https:\/\/carlosp.com.br\/pr\/wp-json\/wp\/v2\/media\/546"}],"wp:attachment":[{"href":"https:\/\/carlosp.com.br\/pr\/wp-json\/wp\/v2\/media?parent=490"}],"curies":[{"name":"wp","href":"https:\/\/api.w.org\/{rel}","templated":true}]}}