{"id":550,"date":"2023-06-29T12:07:50","date_gmt":"2023-06-29T15:07:50","guid":{"rendered":"https:\/\/carlosp.com.br\/livia\/?page_id=550"},"modified":"2023-06-29T13:02:01","modified_gmt":"2023-06-29T16:02:01","slug":"a-clinica","status":"publish","type":"page","link":"https:\/\/carlosp.com.br\/livia\/a-clinica\/","title":{"rendered":"A Cl\u00ednica"},"content":{"rendered":"<p>De f\u00e1cil acesso, localizada bem no Centro de Juiz de Fora &#8211; MG, <strong>a cl\u00ednica conta com uma infra-estrutura moderna e acolhedora, em um espa\u00e7o amplo<\/strong> especialmente projetado para atender nossos pacientes com conforto e individualidade.<\/p>\n","protected":false},"excerpt":{"rendered":"<p>De f\u00e1cil acesso, localizada bem no Centro de Juiz de Fora &#8211; MG, a cl\u00ednica conta com uma infra-estrutura moderna e acolhedora, em um espa\u00e7o amplo especialmente projetado para atender nossos pacientes com conforto e individualidade.<\/p>\n","protected":false},"author":1,"featured_media":0,"parent":0,"menu_order":0,"comment_status":"closed","ping_status":"closed","template":"","meta":{"_joinchat":[],"footnotes":""},"class_list":["post-550","page","type-page","status-publish","hentry"],"acf":{"photo_gallery":{"galeria_fotos":[[{"id":630,"title":"image 223","caption":"","full_image_url":"https:\/\/carlosp.com.br\/livia\/wp-content\/uploads\/2023\/06\/image-223.jpg","thumbnail_image_url":"https:\/\/carlosp.com.br\/livia\/wp-content\/uploads\/2023\/06\/image-223-150x150.jpg","large_srcset":"https:\/\/carlosp.com.br\/livia\/wp-content\/uploads\/2023\/06\/image-223.jpg 380w, https:\/\/carlosp.com.br\/livia\/wp-content\/uploads\/2023\/06\/image-223-286x300.jpg 286w","medium_srcset":"https:\/\/carlosp.com.br\/livia\/wp-content\/uploads\/2023\/06\/image-223-286x300.jpg 286w, https:\/\/carlosp.com.br\/livia\/wp-content\/uploads\/2023\/06\/image-223.jpg 380w","url":"","target":""},{"id":629,"title":"image 220","caption":"","full_image_url":"https:\/\/carlosp.com.br\/livia\/wp-content\/uploads\/2023\/06\/image-220.jpg","thumbnail_image_url":"https:\/\/carlosp.com.br\/livia\/wp-content\/uploads\/2023\/06\/image-220-150x150.jpg","large_srcset":"https:\/\/carlosp.com.br\/livia\/wp-content\/uploads\/2023\/06\/image-220.jpg 379w, https:\/\/carlosp.com.br\/livia\/wp-content\/uploads\/2023\/06\/image-220-285x300.jpg 285w","medium_srcset":"https:\/\/carlosp.com.br\/livia\/wp-content\/uploads\/2023\/06\/image-220-285x300.jpg 285w, https:\/\/carlosp.com.br\/livia\/wp-content\/uploads\/2023\/06\/image-220.jpg 379w","url":"","target":""},{"id":628,"title":"image 217","caption":"","full_image_url":"https:\/\/carlosp.com.br\/livia\/wp-content\/uploads\/2023\/06\/image-217.jpg","thumbnail_image_url":"https:\/\/carlosp.com.br\/livia\/wp-content\/uploads\/2023\/06\/image-217-150x150.jpg","large_srcset":"https:\/\/carlosp.com.br\/livia\/wp-content\/uploads\/2023\/06\/image-217.jpg 379w, https:\/\/carlosp.com.br\/livia\/wp-content\/uploads\/2023\/06\/image-217-285x300.jpg 285w","medium_srcset":"https:\/\/carlosp.com.br\/livia\/wp-content\/uploads\/2023\/06\/image-217-285x300.jpg 285w, https:\/\/carlosp.com.br\/livia\/wp-content\/uploads\/2023\/06\/image-217.jpg 379w","url":"","target":""},{"id":627,"title":"image 222","caption":"","full_image_url":"https:\/\/carlosp.com.br\/livia\/wp-content\/uploads\/2023\/06\/image-222.jpg","thumbnail_image_url":"https:\/\/carlosp.com.br\/livia\/wp-content\/uploads\/2023\/06\/image-222-150x150.jpg","large_srcset":"https:\/\/carlosp.com.br\/livia\/wp-content\/uploads\/2023\/06\/image-222.jpg 379w, https:\/\/carlosp.com.br\/livia\/wp-content\/uploads\/2023\/06\/image-222-285x300.jpg 285w","medium_srcset":"https:\/\/carlosp.com.br\/livia\/wp-content\/uploads\/2023\/06\/image-222-285x300.jpg 285w, https:\/\/carlosp.com.br\/livia\/wp-content\/uploads\/2023\/06\/image-222.jpg 379w","url":"","target":""},{"id":626,"title":"image 219","caption":"","full_image_url":"https:\/\/carlosp.com.br\/livia\/wp-content\/uploads\/2023\/06\/image-219.jpg","thumbnail_image_url":"https:\/\/carlosp.com.br\/livia\/wp-content\/uploads\/2023\/06\/image-219-150x150.jpg","large_srcset":"https:\/\/carlosp.com.br\/livia\/wp-content\/uploads\/2023\/06\/image-219.jpg 379w, https:\/\/carlosp.com.br\/livia\/wp-content\/uploads\/2023\/06\/image-219-285x300.jpg 285w","medium_srcset":"https:\/\/carlosp.com.br\/livia\/wp-content\/uploads\/2023\/06\/image-219-285x300.jpg 285w, https:\/\/carlosp.com.br\/livia\/wp-content\/uploads\/2023\/06\/image-219.jpg 379w","url":"","target":""},{"id":625,"title":"image 218","caption":"","full_image_url":"https:\/\/carlosp.com.br\/livia\/wp-content\/uploads\/2023\/06\/image-218.jpg","thumbnail_image_url":"https:\/\/carlosp.com.br\/livia\/wp-content\/uploads\/2023\/06\/image-218-150x150.jpg","large_srcset":"https:\/\/carlosp.com.br\/livia\/wp-content\/uploads\/2023\/06\/image-218.jpg 380w, https:\/\/carlosp.com.br\/livia\/wp-content\/uploads\/2023\/06\/image-218-286x300.jpg 286w","medium_srcset":"https:\/\/carlosp.com.br\/livia\/wp-content\/uploads\/2023\/06\/image-218-286x300.jpg 286w, https:\/\/carlosp.com.br\/livia\/wp-content\/uploads\/2023\/06\/image-218.jpg 380w","url":"","target":""}]]}},"_links":{"self":[{"href":"https:\/\/carlosp.com.br\/livia\/wp-json\/wp\/v2\/pages\/550","targetHints":{"allow":["GET"]}}],"collection":[{"href":"https:\/\/carlosp.com.br\/livia\/wp-json\/wp\/v2\/pages"}],"about":[{"href":"https:\/\/carlosp.com.br\/livia\/wp-json\/wp\/v2\/types\/page"}],"author":[{"embeddable":true,"href":"https:\/\/carlosp.com.br\/livia\/wp-json\/wp\/v2\/users\/1"}],"replies":[{"embeddable":true,"href":"https:\/\/carlosp.com.br\/livia\/wp-json\/wp\/v2\/comments?post=550"}],"version-history":[{"count":3,"href":"https:\/\/carlosp.com.br\/livia\/wp-json\/wp\/v2\/pages\/550\/revisions"}],"predecessor-version":[{"id":633,"href":"https:\/\/carlosp.com.br\/livia\/wp-json\/wp\/v2\/pages\/550\/revisions\/633"}],"wp:attachment":[{"href":"https:\/\/carlosp.com.br\/livia\/wp-json\/wp\/v2\/media?parent=550"}],"curies":[{"name":"wp","href":"https:\/\/api.w.org\/{rel}","templated":true}]}}